{"id":584,"date":"2023-02-06T16:14:56","date_gmt":"2023-02-06T16:14:56","guid":{"rendered":"https:\/\/europeschool.eu\/europe-english-academy\/"},"modified":"2023-12-16T12:15:31","modified_gmt":"2023-12-16T12:15:31","slug":"academia-de-ingles-europe","status":"publish","type":"page","link":"https:\/\/europeschool.eu\/es\/academia-de-ingles-europe\/","title":{"rendered":"Academia de Ingl\u00e9s Europe"},"content":{"rendered":"\t\t<div data-elementor-type=\"wp-page\" data-elementor-id=\"584\" class=\"elementor elementor-584 elementor-112\" data-elementor-post-type=\"page\">\n\t\t\t\t\t\t<section class=\"elementor-section elementor-top-section elementor-element elementor-element-9f13964 elementor-section-stretched elementor-section-boxed elementor-section-height-default elementor-section-height-default\" data-id=\"9f13964\" data-element_type=\"section\" data-settings=\"{&quot;stretch_section&quot;:&quot;section-stretched&quot;,&quot;background_background&quot;:&quot;classic&quot;}\">\n\t\t\t\t\t\t<div class=\"elementor-container elementor-column-gap-extended\">\n\t\t\t\t\t<div class=\"elementor-column elementor-col-100 elementor-top-column elementor-element elementor-element-330ca23\" data-id=\"330ca23\" data-element_type=\"column\">\n\t\t\t<div class=\"elementor-widget-wrap elementor-element-populated\">\n\t\t\t\t\t\t<div class=\"elementor-element elementor-element-88f6aac elementor-widget elementor-widget-heading\" data-id=\"88f6aac\" data-element_type=\"widget\" data-widget_type=\"heading.default\">\n\t\t\t\t<div class=\"elementor-widget-container\">\n\t\t\t\t\t<h1 class=\"elementor-heading-title elementor-size-default\">Academia de Ingl\u00e9s Europe<\/h1>\t\t\t\t<\/div>\n\t\t\t\t<\/div>\n\t\t\t\t\t<\/div>\n\t\t<\/div>\n\t\t\t\t\t<\/div>\n\t\t<\/section>\n\t\t\t\t<section class=\"elementor-section elementor-top-section elementor-element elementor-element-12f1146 elementor-section-boxed elementor-section-height-default elementor-section-height-default\" data-id=\"12f1146\" data-element_type=\"section\">\n\t\t\t\t\t\t<div class=\"elementor-container elementor-column-gap-default\">\n\t\t\t\t\t<div class=\"elementor-column elementor-col-50 elementor-top-column elementor-element elementor-element-521e7be\" data-id=\"521e7be\" data-element_type=\"column\">\n\t\t\t<div class=\"elementor-widget-wrap elementor-element-populated\">\n\t\t\t\t\t\t<div class=\"elementor-element elementor-element-9b827bc elementor-widget elementor-widget-image\" data-id=\"9b827bc\" data-element_type=\"widget\" data-widget_type=\"image.default\">\n\t\t\t\t<div class=\"elementor-widget-container\">\n\t\t\t\t\t\t\t\t\t\t\t\t\t\t\t<img fetchpriority=\"high\" decoding=\"async\" width=\"720\" height=\"1600\" src=\"https:\/\/europeschool.eu\/wp-content\/uploads\/2023\/12\/gs_page-0001.jpg\" class=\"attachment-full size-full wp-image-718\" alt=\"\" srcset=\"https:\/\/europeschool.eu\/wp-content\/uploads\/2023\/12\/gs_page-0001.jpg 720w, https:\/\/europeschool.eu\/wp-content\/uploads\/2023\/12\/gs_page-0001-461x1024.jpg 461w, https:\/\/europeschool.eu\/wp-content\/uploads\/2023\/12\/gs_page-0001-691x1536.jpg 691w\" sizes=\"(max-width: 720px) 100vw, 720px\" \/>\t\t\t\t\t\t\t\t\t\t\t\t\t\t\t<\/div>\n\t\t\t\t<\/div>\n\t\t\t\t\t<\/div>\n\t\t<\/div>\n\t\t\t\t<div class=\"elementor-column elementor-col-50 elementor-top-column elementor-element elementor-element-1097f5d\" data-id=\"1097f5d\" data-element_type=\"column\">\n\t\t\t<div class=\"elementor-widget-wrap elementor-element-populated\">\n\t\t\t\t\t\t<div class=\"elementor-element elementor-element-eee4bb0 elementor-widget elementor-widget-heading\" data-id=\"eee4bb0\" data-element_type=\"widget\" data-widget_type=\"heading.default\">\n\t\t\t\t<div class=\"elementor-widget-container\">\n\t\t\t\t\t<h2 class=\"elementor-heading-title elementor-size-default\">Por qu\u00e9 Academia de Ingl\u00e9s Europe<\/h2>\t\t\t\t<\/div>\n\t\t\t\t<\/div>\n\t\t\t\t<div class=\"elementor-element elementor-element-b03e319 elementor-widget elementor-widget-text-editor\" data-id=\"b03e319\" data-element_type=\"widget\" data-widget_type=\"text-editor.default\">\n\t\t\t\t<div class=\"elementor-widget-container\">\n\t\t\t\t\t\t\t\t\t<ul class=\"list-group list-group-flush\">\n \t<li class=\"list-group-item\">\n<p class=\"title\"><i class=\"fas fa-thumbs-up\"><\/i> Creemos en t\u00ed<\/p>\nComo grandes creyentes en la mentalidad de crecimiento, nuestros dise\u00f1os de lecciones y materiales est\u00e1n dise\u00f1ados para garantizar que su hijo pueda y aprenda independientemente de sus fundamentos, de modo que los estudiantes m\u00e1s d\u00e9biles puedan crecer y convertirse en estudiantes m\u00e1s fuertes, mientras que los estudiantes m\u00e1s fuertes sobresaldr\u00e1n para convertirse en los mejores de sus cohortes.<\/li>\n \t<li class=\"list-group-item\">\n<p class=\"title\"><i class=\"fas fa-chalkboard-teacher\"><\/i> Maestros con gran experiencia<\/p>\nCon profesores apasionados y motivados, la pedagog\u00eda \u00fanica de EEA fusiona la experiencia y las habilidades docentes junto con el s\u00f3lido conocimiento del contenido de la materia de los profesores para garantizar lecciones de la m\u00e1s alta calidad.<\/li>\n \t<li class=\"list-group-item\">\n<p class=\"title\"><i class=\"fas fa-star\"><\/i> Es mucho m\u00e1s probable que obtenga una puntuaci\u00f3n de &#8216;A&#8217;.\n<\/p>\n\u00a1Despu\u00e9s de analizar c\u00f3mo obtener buenos puntajes, hemos desarrollado lecciones \u00fanicas que permiten un aprendizaje m\u00e1s profundo y efectivo y resultados excepcionales comprobados! Los estudiantes de EEU contin\u00faan ampliando los l\u00edmites de su excelencia acad\u00e9mica logrando resultados s\u00f3lidos y mejoras concretas a\u00f1o tras a\u00f1o.<\/li>\n \t<li class=\"list-group-item\">\n<p class=\"title\"><i class=\"fas fa-users\"><\/i> Tranquilidad de esp\u00edritu<\/p>\nNo somos un centro de ense\u00f1anza de un solo hombre, sino un equipo de maestros y apoyo acad\u00e9mico altamente capacitados y buscados. Con una s\u00f3lida base en experiencia educativa y teor\u00edas de aprendizaje, cientos de estudiantes se unen a EEU para iluminar su aprendizaje<\/li>\n<\/ul>\t\t\t\t\t\t\t\t<\/div>\n\t\t\t\t<\/div>\n\t\t\t\t\t<\/div>\n\t\t<\/div>\n\t\t\t\t\t<\/div>\n\t\t<\/section>\n\t\t\t\t<section class=\"elementor-section elementor-top-section elementor-element elementor-element-e327085 elementor-section-boxed elementor-section-height-default elementor-section-height-default\" data-id=\"e327085\" data-element_type=\"section\">\n\t\t\t\t\t\t<div class=\"elementor-container elementor-column-gap-default\">\n\t\t\t\t\t<div class=\"elementor-column elementor-col-50 elementor-top-column elementor-element elementor-element-a2ca187\" data-id=\"a2ca187\" data-element_type=\"column\">\n\t\t\t<div class=\"elementor-widget-wrap elementor-element-populated\">\n\t\t\t\t\t\t<div class=\"elementor-element elementor-element-b0daf09 elementor-position-left elementor-view-default elementor-mobile-position-top elementor-widget elementor-widget-icon-box\" data-id=\"b0daf09\" data-element_type=\"widget\" data-widget_type=\"icon-box.default\">\n\t\t\t\t<div class=\"elementor-widget-container\">\n\t\t\t\t\t\t\t<div class=\"elementor-icon-box-wrapper\">\n\n\t\t\t\t\t\t<div class=\"elementor-icon-box-icon\">\n\t\t\t\t<span  class=\"elementor-icon\">\n\t\t\t\t<i aria-hidden=\"true\" class=\"fas fa-headset\"><\/i>\t\t\t\t<\/span>\n\t\t\t<\/div>\n\t\t\t\n\t\t\t\t\t\t<div class=\"elementor-icon-box-content\">\n\n\t\t\t\t\t\t\t\t\t<h5 class=\"elementor-icon-box-title\">\n\t\t\t\t\t\t<span  >\n\t\t\t\t\t\t\tApoyo experto dentro y fuera de clase.\t\t\t\t\t\t<\/span>\n\t\t\t\t\t<\/h5>\n\t\t\t\t\n\t\t\t\t\t\t\t\t\t<p class=\"elementor-icon-box-description\">\n\t\t\t\t\t\tNuestro equipo de maestros y asistentes de ense\u00f1anza replican la pedagog\u00eda \u00fanica de EEU para que todos expliquen, hablen y entreguen ense\u00f1anza y aprendizaje en la misma l\u00ednea para que su hijo aprenda mejor. Los estudiantes tambi\u00e9n disfrutan de consultas gratuitas en m\u00faltiples plataformas o cara a cara. Haremos un esfuerzo adicional por usted, siempre.\n\n\t\t\t\t\t<\/p>\n\t\t\t\t\n\t\t\t<\/div>\n\t\t\t\n\t\t<\/div>\n\t\t\t\t\t\t<\/div>\n\t\t\t\t<\/div>\n\t\t\t\t\t<\/div>\n\t\t<\/div>\n\t\t\t\t<div class=\"elementor-column elementor-col-50 elementor-top-column elementor-element elementor-element-70521ec\" data-id=\"70521ec\" data-element_type=\"column\">\n\t\t\t<div class=\"elementor-widget-wrap elementor-element-populated\">\n\t\t\t\t\t\t<div class=\"elementor-element elementor-element-a3521d9 elementor-position-left elementor-view-default elementor-mobile-position-top elementor-widget elementor-widget-icon-box\" data-id=\"a3521d9\" data-element_type=\"widget\" data-widget_type=\"icon-box.default\">\n\t\t\t\t<div class=\"elementor-widget-container\">\n\t\t\t\t\t\t\t<div class=\"elementor-icon-box-wrapper\">\n\n\t\t\t\t\t\t<div class=\"elementor-icon-box-icon\">\n\t\t\t\t<span  class=\"elementor-icon\">\n\t\t\t\t<i aria-hidden=\"true\" class=\"fas fa-clock\"><\/i>\t\t\t\t<\/span>\n\t\t\t<\/div>\n\t\t\t\n\t\t\t\t\t\t<div class=\"elementor-icon-box-content\">\n\n\t\t\t\t\t\t\t\t\t<h5 class=\"elementor-icon-box-title\">\n\t\t\t\t\t\t<span  >\n\t\t\t\t\t\t\tHorarios Flexibles\t\t\t\t\t\t<\/span>\n\t\t\t\t\t<\/h5>\n\t\t\t\t\n\t\t\t\t\t\t\t\t\t<p class=\"elementor-icon-box-description\">\n\t\t\t\t\t\tAl comprender las necesidades de aprendizaje de todos los estudiantes de hoy, las lecciones se imparten especialmente para estudiantes mayores en un modo h\u00edbrido de lecciones de Zoom cara a cara o en vivo, con m\u00faltiples intervalos de tiempo para que los estudiantes encuentren clases de reemplazo para que el aprendizaje sea siempre conveniente.\t\t\t\t\t<\/p>\n\t\t\t\t\n\t\t\t<\/div>\n\t\t\t\n\t\t<\/div>\n\t\t\t\t\t\t<\/div>\n\t\t\t\t<\/div>\n\t\t\t\t\t<\/div>\n\t\t<\/div>\n\t\t\t\t\t<\/div>\n\t\t<\/section>\n\t\t\t\t<section class=\"elementor-section elementor-top-section elementor-element elementor-element-a7013fc elementor-section-boxed elementor-section-height-default elementor-section-height-default\" data-id=\"a7013fc\" data-element_type=\"section\">\n\t\t\t\t\t\t<div class=\"elementor-container elementor-column-gap-default\">\n\t\t\t\t\t<div class=\"elementor-column elementor-col-50 elementor-top-column elementor-element elementor-element-f20f8db\" data-id=\"f20f8db\" data-element_type=\"column\">\n\t\t\t<div class=\"elementor-widget-wrap elementor-element-populated\">\n\t\t\t\t\t\t<div class=\"elementor-element elementor-element-a7e6f28 elementor-position-left elementor-view-default elementor-mobile-position-top elementor-widget elementor-widget-icon-box\" data-id=\"a7e6f28\" data-element_type=\"widget\" data-widget_type=\"icon-box.default\">\n\t\t\t\t<div class=\"elementor-widget-container\">\n\t\t\t\t\t\t\t<div class=\"elementor-icon-box-wrapper\">\n\n\t\t\t\t\t\t<div class=\"elementor-icon-box-icon\">\n\t\t\t\t<span  class=\"elementor-icon\">\n\t\t\t\t<i aria-hidden=\"true\" class=\"fas fa-user-graduate\"><\/i>\t\t\t\t<\/span>\n\t\t\t<\/div>\n\t\t\t\n\t\t\t\t\t\t<div class=\"elementor-icon-box-content\">\n\n\t\t\t\t\t\t\t\t\t<h5 class=\"elementor-icon-box-title\">\n\t\t\t\t\t\t<span  >\n\t\t\t\t\t\t\tAprendizaje optimizado\t\t\t\t\t\t<\/span>\n\t\t\t\t\t<\/h5>\n\t\t\t\t\n\t\t\t\t\t\t\t\t\t<p class=\"elementor-icon-box-description\">\n\t\t\t\t\t\tCon las mejores notas concisas y completas, nuestras lecciones especialmente dise\u00f1adas permiten a los estudiantes aprender y aplicar sus habilidades para perfeccionarlas hasta la perfecci\u00f3n. Con un an\u00e1lisis exhaustivo de los ex\u00e1menes nacionales y escolares en EEU, los estudiantes adquirir\u00e1n y dominar\u00e1n las mejores t\u00e9cnicas y estrategias para calificar, complementadas con m\u00e9todos personalizados y diferenciados \u00fanicos para cada estudiante.\n\n\t\t\t\t\t<\/p>\n\t\t\t\t\n\t\t\t<\/div>\n\t\t\t\n\t\t<\/div>\n\t\t\t\t\t\t<\/div>\n\t\t\t\t<\/div>\n\t\t\t\t\t<\/div>\n\t\t<\/div>\n\t\t\t\t<div class=\"elementor-column elementor-col-50 elementor-top-column elementor-element elementor-element-da963d4\" data-id=\"da963d4\" data-element_type=\"column\">\n\t\t\t<div class=\"elementor-widget-wrap elementor-element-populated\">\n\t\t\t\t\t\t<div class=\"elementor-element elementor-element-575081b elementor-position-left elementor-view-default elementor-mobile-position-top elementor-widget elementor-widget-icon-box\" data-id=\"575081b\" data-element_type=\"widget\" data-widget_type=\"icon-box.default\">\n\t\t\t\t<div class=\"elementor-widget-container\">\n\t\t\t\t\t\t\t<div class=\"elementor-icon-box-wrapper\">\n\n\t\t\t\t\t\t<div class=\"elementor-icon-box-icon\">\n\t\t\t\t<span  class=\"elementor-icon\">\n\t\t\t\t<i aria-hidden=\"true\" class=\"fas fa-certificate\"><\/i>\t\t\t\t<\/span>\n\t\t\t<\/div>\n\t\t\t\n\t\t\t\t\t\t<div class=\"elementor-icon-box-content\">\n\n\t\t\t\t\t\t\t\t\t<h5 class=\"elementor-icon-box-title\">\n\t\t\t\t\t\t<span  >\n\t\t\t\t\t\t\tEspecialistas en ingl\u00e9s, papel general y humanidades\t\t\t\t\t\t<\/span>\n\t\t\t\t\t<\/h5>\n\t\t\t\t\n\t\t\t\t\t\t\t\t\t<p class=\"elementor-icon-box-description\">\n\t\t\t\t\t\tNuestros profesores enfocan y dedican todo nuestro tiempo y recursos para perfeccionar la ense\u00f1anza y el aprendizaje de Ingl\u00e9s y General Paper. Es por eso que somos los expertos en ingl\u00e9s, documentos generales y humanidades, y continuaremos agregando valor a nuestros materiales y a nuestros estudiantes a trav\u00e9s de la pedagog\u00eda de EEU. Estudiantes de varias escuelas y habiendo estudiado previamente en otros centros inmediatamente ven una diferencia en su aprendizaje en EEU.\\\t\t\t\t\t<\/p>\n\t\t\t\t\n\t\t\t<\/div>\n\t\t\t\n\t\t<\/div>\n\t\t\t\t\t\t<\/div>\n\t\t\t\t<\/div>\n\t\t\t\t\t<\/div>\n\t\t<\/div>\n\t\t\t\t\t<\/div>\n\t\t<\/section>\n\t\t\t\t<section class=\"elementor-section elementor-top-section elementor-element elementor-element-f6ab58f elementor-section-stretched elementor-section-boxed elementor-section-height-default elementor-section-height-default\" data-id=\"f6ab58f\" data-element_type=\"section\" data-settings=\"{&quot;stretch_section&quot;:&quot;section-stretched&quot;,&quot;background_background&quot;:&quot;classic&quot;}\">\n\t\t\t\t\t\t<div class=\"elementor-container elementor-column-gap-default\">\n\t\t\t\t\t<div class=\"elementor-column elementor-col-100 elementor-top-column elementor-element elementor-element-75793b1\" data-id=\"75793b1\" data-element_type=\"column\">\n\t\t\t<div class=\"elementor-widget-wrap elementor-element-populated\">\n\t\t\t\t\t\t<div class=\"elementor-element elementor-element-564d64d elementor-widget elementor-widget-heading\" data-id=\"564d64d\" data-element_type=\"widget\" data-widget_type=\"heading.default\">\n\t\t\t\t<div class=\"elementor-widget-container\">\n\t\t\t\t\t<h2 class=\"elementor-heading-title elementor-size-default\">PREPARACI\u00d3N PARA:<\/h2>\t\t\t\t<\/div>\n\t\t\t\t<\/div>\n\t\t\t\t<div class=\"elementor-element elementor-element-6147691 elementor-widget elementor-widget-text-editor\" data-id=\"6147691\" data-element_type=\"widget\" data-widget_type=\"text-editor.default\">\n\t\t\t\t<div class=\"elementor-widget-container\">\n\t\t\t\t\t\t\t\t\t\n<div class=\"row row-cols-1 row-cols-md-3 row-cols-lg-4 text-white\">\n  <div class=\"col mb-4\">\nOxford Exam\n<\/div>\n<div class=\"col mb-4\">\n\tCambridge Exam\n<\/div>\n<div class=\"col mb-4\">\n\tTOEFL\n<\/div>\n<div class=\"col mb-4\">\n\tIELTS\n<\/div>\n<div class=\"col mb-4\">\n\tTOEIC\n<\/div>\n<div class=\"col mb-4\">\n\tEPSET &#8211; CEFR\n<\/div>\n<div class=\"col mb-4\">\n\tILR\n<\/div>\n<div class=\"col mb-4\">\n\tACTFL\n<\/div>\n\n<\/div>\n\n\n\n\n\t\t\t\t\t\t\t\t<\/div>\n\t\t\t\t<\/div>\n\t\t\t\t<div class=\"elementor-element elementor-element-ef0468a elementor-widget-divider--separator-type-pattern elementor-widget-divider--view-line elementor-widget elementor-widget-divider\" data-id=\"ef0468a\" data-element_type=\"widget\" data-widget_type=\"divider.default\">\n\t\t\t\t<div class=\"elementor-widget-container\">\n\t\t\t\t\t\t\t<div class=\"elementor-divider\" style=\"--divider-pattern-url: url(&quot;data:image\/svg+xml,%3Csvg xmlns=&#039;http:\/\/www.w3.org\/2000\/svg&#039; preserveAspectRatio=&#039;none&#039; overflow=&#039;visible&#039; height=&#039;100%&#039; viewBox=&#039;0 0 24 24&#039; fill=&#039;none&#039; stroke=&#039;black&#039; stroke-width=&#039;1&#039; stroke-linecap=&#039;square&#039; stroke-miterlimit=&#039;10&#039;%3E%3Cpath d=&#039;M0,6c6,0,6,13,12,13S18,6,24,6&#039;\/%3E%3C\/svg%3E&quot;);\">\n\t\t\t<span class=\"elementor-divider-separator\">\n\t\t\t\t\t\t<\/span>\n\t\t<\/div>\n\t\t\t\t\t\t<\/div>\n\t\t\t\t<\/div>\n\t\t\t\t<div class=\"elementor-element elementor-element-85372c8 elementor-widget elementor-widget-text-editor\" data-id=\"85372c8\" data-element_type=\"widget\" data-widget_type=\"text-editor.default\">\n\t\t\t\t<div class=\"elementor-widget-container\">\n\t\t\t\t\t\t\t\t\t<div class=\"row row-cols-1 row-cols-md-3 row-cols-lg-4 text-white\">\n<div class=\"col mb-4\">CLD<\/div>\n<div class=\"col mb-4\">English Intensive Camp<\/div>\n<div class=\"col mb-4\">Vita Years ( Youth Classes)<\/div>\n<div class=\"col mb-4\">Emphasized Speaking Camp<\/div>\n<div class=\"col mb-4\">Super Camp<\/div>\n<div class=\"col mb-4\">General English Course<\/div>\n<div class=\"col mb-4\">Business English<\/div>\n<div class=\"col mb-4\">Mock Examinations<\/div>\n<\/div>\t\t\t\t\t\t\t\t<\/div>\n\t\t\t\t<\/div>\n\t\t\t\t\t<\/div>\n\t\t<\/div>\n\t\t\t\t\t<\/div>\n\t\t<\/section>\n\t\t\t\t<\/div>\n\t\t","protected":false},"excerpt":{"rendered":"<p>Academia de Ingl\u00e9s Europe Por qu\u00e9 Academia de Ingl\u00e9s Europe Creemos en t\u00ed Como grandes [&hellip;]<\/p>\n","protected":false},"author":1,"featured_media":0,"parent":0,"menu_order":0,"comment_status":"closed","ping_status":"closed","template":"","meta":{"footnotes":""},"class_list":["post-584","page","type-page","status-publish","hentry"],"_links":{"self":[{"href":"https:\/\/europeschool.eu\/es\/wp-json\/wp\/v2\/pages\/584","targetHints":{"allow":["GET"]}}],"collection":[{"href":"https:\/\/europeschool.eu\/es\/wp-json\/wp\/v2\/pages"}],"about":[{"href":"https:\/\/europeschool.eu\/es\/wp-json\/wp\/v2\/types\/page"}],"author":[{"embeddable":true,"href":"https:\/\/europeschool.eu\/es\/wp-json\/wp\/v2\/users\/1"}],"replies":[{"embeddable":true,"href":"https:\/\/europeschool.eu\/es\/wp-json\/wp\/v2\/comments?post=584"}],"version-history":[{"count":14,"href":"https:\/\/europeschool.eu\/es\/wp-json\/wp\/v2\/pages\/584\/revisions"}],"predecessor-version":[{"id":767,"href":"https:\/\/europeschool.eu\/es\/wp-json\/wp\/v2\/pages\/584\/revisions\/767"}],"wp:attachment":[{"href":"https:\/\/europeschool.eu\/es\/wp-json\/wp\/v2\/media?parent=584"}],"curies":[{"name":"wp","href":"https:\/\/api.w.org\/{rel}","templated":true}]}}